{"id":1074,"date":"2025-07-18T12:06:45","date_gmt":"2025-07-18T09:06:45","guid":{"rendered":"http:\/\/localhost\/Albabam\/urun\/gruenes-herren-t-shirt\/"},"modified":"2025-08-18T16:21:43","modified_gmt":"2025-08-18T13:21:43","slug":"gruenes-herren-t-shirt","status":"publish","type":"product","link":"https:\/\/internship2.gigabyteltd.com\/de\/urun\/gruenes-herren-t-shirt\/","title":{"rendered":"Gr\u00fcnes Herren-T-Shirt"},"content":{"rendered":"<p>Dieses klassische Herren-T-Shirt bietet mit seinem Stoff aus 100 % Baumwolle ganzt\u00e4gigen Tragekomfort. Dank seiner atmungsaktiven Struktur kommt es im Sommer nicht zum Schwitzen und kann bequem zu allen vier Jahreszeiten verwendet werden. Dank Rundhalsausschnitt und unifarbenem Design l\u00e4sst es sich gut mit Jeans, Shorts oder Jogginghosen kombinieren. Es eignet sich sowohl f\u00fcr den Sport- als auch f\u00fcr den Alltagsstil. Dank seines Standardmusters passt es problemlos jedem K\u00f6rper.<\/p>\n","protected":false},"excerpt":{"rendered":"<p>Ein Herren-T-Shirt aus 100 % Baumwolle mit bequemer Passform, ideal f\u00fcr den t\u00e4glichen Gebrauch.<\/p>\n","protected":false},"featured_media":220,"comment_status":"open","ping_status":"closed","template":"","meta":[],"product_brand":[],"product_cat":[122,109],"product_tag":[],"class_list":{"0":"post-1074","1":"product","2":"type-product","3":"status-publish","4":"has-post-thumbnail","6":"product_cat-empfohlene-produkte","7":"product_cat-tshirt-de","8":"pa_beden-l-de","9":"pa_cinsiyet-mannlich","10":"pa_durum-gebraucht","11":"pa_renk-grun","13":"first","14":"instock","15":"sale","16":"shipping-taxable","17":"purchasable","18":"product-type-simple"},"_links":{"self":[{"href":"https:\/\/internship2.gigabyteltd.com\/de\/wp-json\/wp\/v2\/product\/1074","targetHints":{"allow":["GET"]}}],"collection":[{"href":"https:\/\/internship2.gigabyteltd.com\/de\/wp-json\/wp\/v2\/product"}],"about":[{"href":"https:\/\/internship2.gigabyteltd.com\/de\/wp-json\/wp\/v2\/types\/product"}],"replies":[{"embeddable":true,"href":"https:\/\/internship2.gigabyteltd.com\/de\/wp-json\/wp\/v2\/comments?post=1074"}],"version-history":[{"count":1,"href":"https:\/\/internship2.gigabyteltd.com\/de\/wp-json\/wp\/v2\/product\/1074\/revisions"}],"predecessor-version":[{"id":1172,"href":"https:\/\/internship2.gigabyteltd.com\/de\/wp-json\/wp\/v2\/product\/1074\/revisions\/1172"}],"wp:featuredmedia":[{"embeddable":true,"href":"https:\/\/internship2.gigabyteltd.com\/de\/wp-json\/wp\/v2\/media\/220"}],"wp:attachment":[{"href":"https:\/\/internship2.gigabyteltd.com\/de\/wp-json\/wp\/v2\/media?parent=1074"}],"wp:term":[{"taxonomy":"product_brand","embeddable":true,"href":"https:\/\/internship2.gigabyteltd.com\/de\/wp-json\/wp\/v2\/product_brand?post=1074"},{"taxonomy":"product_cat","embeddable":true,"href":"https:\/\/internship2.gigabyteltd.com\/de\/wp-json\/wp\/v2\/product_cat?post=1074"},{"taxonomy":"product_tag","embeddable":true,"href":"https:\/\/internship2.gigabyteltd.com\/de\/wp-json\/wp\/v2\/product_tag?post=1074"}],"curies":[{"name":"wp","href":"https:\/\/api.w.org\/{rel}","templated":true}]}}