{"id":1027,"date":"2025-07-18T14:04:59","date_gmt":"2025-07-18T11:04:59","guid":{"rendered":"http:\/\/localhost\/Albabam\/urun\/rotes-damen-t-shirt\/"},"modified":"2025-08-18T16:20:07","modified_gmt":"2025-08-18T13:20:07","slug":"rotes-damen-t-shirt","status":"publish","type":"product","link":"https:\/\/internship2.gigabyteltd.com\/de\/urun\/rotes-damen-t-shirt\/","title":{"rendered":"Rotes Damen-T-Shirt"},"content":{"rendered":"<p>Dieses Oversize-T-Shirt f\u00fcr Damen vereint allt\u00e4gliche Eleganz mit maximalem Komfort und spricht mit seinem modernen Schnitt jeden Stil an. Dank seines leichten und atmungsaktiven Gewebes sorgt es bei hei\u00dfem Wetter f\u00fcr Frische. Es bietet durch seinen weiten Schnitt viel Bewegungsfreiheit und ist mit seinem stylischen Style ein unverzichtbares Teil der Streetfashion.<\/p>\n<p>Es l\u00e4sst sich gut mit High Waist Hosen, Leggings oder Shorts kombinieren. Dieses T-Shirt eignet sich sowohl f\u00fcr den Heim- als auch f\u00fcr den Au\u00dfenbereich und ist ideal f\u00fcr alle, die einen schlichten, aber dennoch auff\u00e4lligen Stil suchen. Dank der weichen Textur ist es hautfreundlich und f\u00fcr die Langzeitanwendung geeignet.<\/p>\n<p><strong data-start=\"1024\" data-end=\"1039\">Stoffart:<\/strong> 100 % Baumwolle, Baumwoll-Polyester-Mischgewebe, Viskose usw.<\/p>\n<p><strong data-start=\"1228\" data-end=\"1248\">Waschanleitung:<\/strong> Auf links waschen bei 30\u00b0C. B\u00fcgeln wird nicht empfohlen.<\/p>\n","protected":false},"excerpt":{"rendered":"<p>Das Oversize-T-Shirt f\u00fcr Damen besticht durch seinen bequemen Schnitt und modernen Stil und wird f\u00fcr Ihre t\u00e4glichen Kombinationen unverzichtbar sein.<\/p>\n","protected":false},"featured_media":285,"comment_status":"open","ping_status":"closed","template":"","meta":[],"product_brand":[],"product_cat":[125,109],"product_tag":[],"class_list":{"0":"post-1027","1":"product","2":"type-product","3":"status-publish","4":"has-post-thumbnail","6":"product_cat-sommerspecial","7":"product_cat-tshirt-de","8":"pa_beden-m-de","9":"pa_cinsiyet-frau","10":"pa_durum-gebraucht","11":"pa_renk-rot","13":"first","14":"instock","15":"sale","16":"shipping-taxable","17":"purchasable","18":"product-type-simple"},"_links":{"self":[{"href":"https:\/\/internship2.gigabyteltd.com\/de\/wp-json\/wp\/v2\/product\/1027","targetHints":{"allow":["GET"]}}],"collection":[{"href":"https:\/\/internship2.gigabyteltd.com\/de\/wp-json\/wp\/v2\/product"}],"about":[{"href":"https:\/\/internship2.gigabyteltd.com\/de\/wp-json\/wp\/v2\/types\/product"}],"replies":[{"embeddable":true,"href":"https:\/\/internship2.gigabyteltd.com\/de\/wp-json\/wp\/v2\/comments?post=1027"}],"version-history":[{"count":1,"href":"https:\/\/internship2.gigabyteltd.com\/de\/wp-json\/wp\/v2\/product\/1027\/revisions"}],"predecessor-version":[{"id":1168,"href":"https:\/\/internship2.gigabyteltd.com\/de\/wp-json\/wp\/v2\/product\/1027\/revisions\/1168"}],"wp:featuredmedia":[{"embeddable":true,"href":"https:\/\/internship2.gigabyteltd.com\/de\/wp-json\/wp\/v2\/media\/285"}],"wp:attachment":[{"href":"https:\/\/internship2.gigabyteltd.com\/de\/wp-json\/wp\/v2\/media?parent=1027"}],"wp:term":[{"taxonomy":"product_brand","embeddable":true,"href":"https:\/\/internship2.gigabyteltd.com\/de\/wp-json\/wp\/v2\/product_brand?post=1027"},{"taxonomy":"product_cat","embeddable":true,"href":"https:\/\/internship2.gigabyteltd.com\/de\/wp-json\/wp\/v2\/product_cat?post=1027"},{"taxonomy":"product_tag","embeddable":true,"href":"https:\/\/internship2.gigabyteltd.com\/de\/wp-json\/wp\/v2\/product_tag?post=1027"}],"curies":[{"name":"wp","href":"https:\/\/api.w.org\/{rel}","templated":true}]}}