{"id":1122,"date":"2025-07-18T08:52:30","date_gmt":"2025-07-18T05:52:30","guid":{"rendered":"http:\/\/localhost\/Albabam\/nutzungsbedingungen\/"},"modified":"2025-08-22T22:10:10","modified_gmt":"2025-08-22T19:10:10","slug":"nutzungsbedingungen","status":"publish","type":"page","link":"https:\/\/internship2.gigabyteltd.com\/de\/nutzungsbedingungen\/","title":{"rendered":"Nutzungsbedingungen"},"content":{"rendered":"\t\t<div data-elementor-type=\"wp-page\" data-elementor-id=\"1122\" class=\"elementor elementor-1122 elementor-200\" data-elementor-post-type=\"page\">\n\t\t\t\t<div class=\"elementor-element elementor-element-c511b88 e-con-full wd-section-stretch e-flex e-con e-parent\" data-id=\"c511b88\" data-element_type=\"container\" data-settings=\"{&quot;background_background&quot;:&quot;classic&quot;}\">\n\t\t\t\t<div class=\"elementor-element elementor-element-bd2d9dc elementor-widget elementor-widget-heading\" data-id=\"bd2d9dc\" data-element_type=\"widget\" data-widget_type=\"heading.default\">\n\t\t\t\t\t<h1 class=\"elementor-heading-title elementor-size-default\">Nutzungsbedingungen<\/h1>\t\t\t\t<\/div>\n\t\t\t\t<\/div>\n\t\t<div class=\"wd-negative-gap elementor-element elementor-element-60ea3ba e-flex e-con-boxed e-con e-parent\" data-id=\"60ea3ba\" data-element_type=\"container\">\n\t\t\t\t\t<div class=\"e-con-inner\">\n\t\t\t\t<div class=\"elementor-element elementor-element-9332583 elementor-view-default elementor-position-top elementor-mobile-position-top elementor-widget elementor-widget-icon-box\" data-id=\"9332583\" data-element_type=\"widget\" data-widget_type=\"icon-box.default\">\n\t\t\t\t\t\t\t<div class=\"elementor-icon-box-wrapper\">\n\n\t\t\t\t\t\t<div class=\"elementor-icon-box-icon\">\n\t\t\t\t<span  class=\"elementor-icon\">\n\t\t\t\t<svg aria-hidden=\"true\" class=\"e-font-icon-svg e-fas-scroll\" viewBox=\"0 0 640 512\" xmlns=\"http:\/\/www.w3.org\/2000\/svg\"><path d=\"M48 0C21.53 0 0 21.53 0 48v64c0 8.84 7.16 16 16 16h80V48C96 21.53 74.47 0 48 0zm208 412.57V352h288V96c0-52.94-43.06-96-96-96H111.59C121.74 13.41 128 29.92 128 48v368c0 38.87 34.65 69.65 74.75 63.12C234.22 474 256 444.46 256 412.57zM288 384v32c0 52.93-43.06 96-96 96h336c61.86 0 112-50.14 112-112 0-8.84-7.16-16-16-16H288z\"><\/path><\/svg>\t\t\t\t<\/span>\n\t\t\t<\/div>\n\t\t\t\n\t\t\t\t\t\t<div class=\"elementor-icon-box-content\">\n\n\t\t\t\t\t\t\t\t\t<h3 class=\"elementor-icon-box-title\">\n\t\t\t\t\t\t<span  >\n\t\t\t\t\t\t\tSite-Nutzung\t\t\t\t\t\t<\/span>\n\t\t\t\t\t<\/h3>\n\t\t\t\t\n\t\t\t\t\t\t\t\t\t<p class=\"elementor-icon-box-description\">\n\t\t\t\t\t\tBesucher verpflichten sich, diese Website, die Eigentum von ALBABAM Kleidung ist, nur f\u00fcr legale, ehrliche und ethische Zwecke zu nutzen. Alle \u00fcber die Site durchgef\u00fchrten Transaktionen m\u00fcssen dem t\u00fcrkischen Handelsgesetzbuch, dem Verbraucherschutzgesetz und anderen relevanten gesetzlichen Bestimmungen entsprechen. Wir behalten uns das Recht vor, rechtliche Schritte gegen den Benutzer einzuleiten, wenn \u00fcber unsere Site betr\u00fcgerische Bestellungen, irref\u00fchrende Transaktionen oder b\u00f6swillige Aktivit\u00e4ten festgestellt werden.\t\t\t\t\t<\/p>\n\t\t\t\t\n\t\t\t<\/div>\n\t\t\t\n\t\t<\/div>\n\t\t\t\t\t\t<\/div>\n\t\t\t\t<div class=\"elementor-element elementor-element-9a28ff9 elementor-view-default elementor-position-top elementor-mobile-position-top elementor-widget elementor-widget-icon-box\" data-id=\"9a28ff9\" data-element_type=\"widget\" data-widget_type=\"icon-box.default\">\n\t\t\t\t\t\t\t<div class=\"elementor-icon-box-wrapper\">\n\n\t\t\t\t\t\t<div class=\"elementor-icon-box-icon\">\n\t\t\t\t<span  class=\"elementor-icon\">\n\t\t\t\t<svg aria-hidden=\"true\" class=\"e-font-icon-svg e-fas-user-shield\" viewBox=\"0 0 640 512\" xmlns=\"http:\/\/www.w3.org\/2000\/svg\"><path d=\"M622.3 271.1l-115.2-45c-4.1-1.6-12.6-3.7-22.2 0l-115.2 45c-10.7 4.2-17.7 14-17.7 24.9 0 111.6 68.7 188.8 132.9 213.9 9.6 3.7 18 1.6 22.2 0C558.4 489.9 640 420.5 640 296c0-10.9-7-20.7-17.7-24.9zM496 462.4V273.3l95.5 37.3c-5.6 87.1-60.9 135.4-95.5 151.8zM224 256c70.7 0 128-57.3 128-128S294.7 0 224 0 96 57.3 96 128s57.3 128 128 128zm96 40c0-2.5.8-4.8 1.1-7.2-2.5-.1-4.9-.8-7.5-.8h-16.7c-22.2 10.2-46.9 16-72.9 16s-50.6-5.8-72.9-16h-16.7C60.2 288 0 348.2 0 422.4V464c0 26.5 21.5 48 48 48h352c6.8 0 13.3-1.5 19.2-4-54-42.9-99.2-116.7-99.2-212z\"><\/path><\/svg>\t\t\t\t<\/span>\n\t\t\t<\/div>\n\t\t\t\n\t\t\t\t\t\t<div class=\"elementor-icon-box-content\">\n\n\t\t\t\t\t\t\t\t\t<h3 class=\"elementor-icon-box-title\">\n\t\t\t\t\t\t<span  >\n\t\t\t\t\t\t\tMitgliedschaft und Sicherheit\t\t\t\t\t\t<\/span>\n\t\t\t\t\t<\/h3>\n\t\t\t\t\n\t\t\t\t\t\t\t\t\t<p class=\"elementor-icon-box-description\">\n\t\t\t\t\t\tBenutzer, die sich auf unserer Site registrieren, sind voll verantwortlich f\u00fcr die Richtigkeit und Vertraulichkeit der pers\u00f6nlichen Daten, die sie w\u00e4hrend der Mitgliedschaft angeben. Es ist wichtig, dass Sie Ihr Passwort an niemanden weitergeben und dass nur Sie Zugriff auf Ihr Konto haben. Wenn eine unbefugte Nutzung, ein betr\u00fcgerischer Versuch oder eine verd\u00e4chtige Aktivit\u00e4t bemerkt wird, sollte der Benutzer uns umgehend \u00fcber unsere KONTAKT-Seite kontaktieren. Zu Ihrer Sicherheit sind in unserem System erweiterte Verschl\u00fcsselungs- und Sicherheitsma\u00dfnahmen implementiert.\t\t\t\t\t<\/p>\n\t\t\t\t\n\t\t\t<\/div>\n\t\t\t\n\t\t<\/div>\n\t\t\t\t\t\t<\/div>\n\t\t\t\t<div class=\"elementor-element elementor-element-ebdffa0 elementor-view-default elementor-position-top elementor-mobile-position-top elementor-widget elementor-widget-icon-box\" data-id=\"ebdffa0\" data-element_type=\"widget\" data-widget_type=\"icon-box.default\">\n\t\t\t\t\t\t\t<div class=\"elementor-icon-box-wrapper\">\n\n\t\t\t\t\t\t<div class=\"elementor-icon-box-icon\">\n\t\t\t\t<span  class=\"elementor-icon\">\n\t\t\t\t<svg aria-hidden=\"true\" class=\"e-font-icon-svg e-fas-copyright\" viewBox=\"0 0 512 512\" xmlns=\"http:\/\/www.w3.org\/2000\/svg\"><path d=\"M256 8C119.033 8 8 119.033 8 256s111.033 248 248 248 248-111.033 248-248S392.967 8 256 8zm117.134 346.753c-1.592 1.867-39.776 45.731-109.851 45.731-84.692 0-144.484-63.26-144.484-145.567 0-81.303 62.004-143.401 143.762-143.401 66.957 0 101.965 37.315 103.422 38.904a12 12 0 0 1 1.238 14.623l-22.38 34.655c-4.049 6.267-12.774 7.351-18.234 2.295-.233-.214-26.529-23.88-61.88-23.88-46.116 0-73.916 33.575-73.916 76.082 0 39.602 25.514 79.692 74.277 79.692 38.697 0 65.28-28.338 65.544-28.625 5.132-5.565 14.059-5.033 18.508 1.053l24.547 33.572a12.001 12.001 0 0 1-.553 14.866z\"><\/path><\/svg>\t\t\t\t<\/span>\n\t\t\t<\/div>\n\t\t\t\n\t\t\t\t\t\t<div class=\"elementor-icon-box-content\">\n\n\t\t\t\t\t\t\t\t\t<h3 class=\"elementor-icon-box-title\">\n\t\t\t\t\t\t<span  >\n\t\t\t\t\t\t\tGeistige Eigentumsrechte\t\t\t\t\t\t<\/span>\n\t\t\t\t\t<\/h3>\n\t\t\t\t\n\t\t\t\t\t\t\t\t\t<p class=\"elementor-icon-box-description\">\n\t\t\t\t\t\tAlle schriftlichen und visuellen Inhalte unserer Website, einschlie\u00dflich Designs, Logos, Produktfotos, Texte, Grafiken, Codestrukturen und der gesamten Software-Infrastruktur, sind geistiges Eigentum von ALBABAM Giyim. Das unbefugte Kopieren, Verteilen, Wiederverwenden oder Teilen dieser Inhalte auf anderen Plattformen verst\u00f6\u00dft gegen das Gesetz \u00fcber geistige und k\u00fcnstlerische Werke und kann rechtliche Sanktionen nach sich ziehen.\n\n\t\t\t\t\t<\/p>\n\t\t\t\t\n\t\t\t<\/div>\n\t\t\t\n\t\t<\/div>\n\t\t\t\t\t\t<\/div>\n\t\t\t\t<div class=\"elementor-element elementor-element-a03942e elementor-view-default elementor-position-top elementor-mobile-position-top elementor-widget elementor-widget-icon-box\" data-id=\"a03942e\" data-element_type=\"widget\" data-widget_type=\"icon-box.default\">\n\t\t\t\t\t\t\t<div class=\"elementor-icon-box-wrapper\">\n\n\t\t\t\t\t\t<div class=\"elementor-icon-box-icon\">\n\t\t\t\t<span  class=\"elementor-icon\">\n\t\t\t\t<svg aria-hidden=\"true\" class=\"e-font-icon-svg e-fas-tags\" viewBox=\"0 0 640 512\" xmlns=\"http:\/\/www.w3.org\/2000\/svg\"><path d=\"M497.941 225.941L286.059 14.059A48 48 0 0 0 252.118 0H48C21.49 0 0 21.49 0 48v204.118a48 48 0 0 0 14.059 33.941l211.882 211.882c18.744 18.745 49.136 18.746 67.882 0l204.118-204.118c18.745-18.745 18.745-49.137 0-67.882zM112 160c-26.51 0-48-21.49-48-48s21.49-48 48-48 48 21.49 48 48-21.49 48-48 48zm513.941 133.823L421.823 497.941c-18.745 18.745-49.137 18.745-67.882 0l-.36-.36L527.64 323.522c16.999-16.999 26.36-39.6 26.36-63.64s-9.362-46.641-26.36-63.64L331.397 0h48.721a48 48 0 0 1 33.941 14.059l211.882 211.882c18.745 18.745 18.745 49.137 0 67.882z\"><\/path><\/svg>\t\t\t\t<\/span>\n\t\t\t<\/div>\n\t\t\t\n\t\t\t\t\t\t<div class=\"elementor-icon-box-content\">\n\n\t\t\t\t\t\t\t\t\t<h3 class=\"elementor-icon-box-title\">\n\t\t\t\t\t\t<span  >\n\t\t\t\t\t\t\tBestell- und Produktinformationen\t\t\t\t\t\t<\/span>\n\t\t\t\t\t<\/h3>\n\t\t\t\t\n\t\t\t\t\t\t\t\t\t<p class=\"elementor-icon-box-description\">\n\t\t\t\t\t\tWir bem\u00fchen uns, die Preise, Lagerbest\u00e4nde, Beschreibungen und Bilder aller auf unserer Site angezeigten Produkte so aktuell und genau wie m\u00f6glich zu halten. Es ist jedoch m\u00f6glich, dass einige Informationen aufgrund m\u00f6glicher Tippfehler, Systemst\u00f6rungen oder Bestands\u00e4nderungen abweichen. In solchen F\u00e4llen beh\u00e4lt sich unser Unternehmen das Recht vor, die Bestellung zu stornieren oder zu \u00e4ndern, indem es den Benutzer dar\u00fcber informiert. Der Benutzer ist daf\u00fcr verantwortlich, alle Angaben vor der Bestellung sorgf\u00e4ltig zu pr\u00fcfen.\n\n\t\t\t\t\t<\/p>\n\t\t\t\t\n\t\t\t<\/div>\n\t\t\t\n\t\t<\/div>\n\t\t\t\t\t\t<\/div>\n\t\t\t\t<div class=\"elementor-element elementor-element-a9843dd elementor-view-default elementor-position-top elementor-mobile-position-top elementor-widget elementor-widget-icon-box\" data-id=\"a9843dd\" data-element_type=\"widget\" data-widget_type=\"icon-box.default\">\n\t\t\t\t\t\t\t<div class=\"elementor-icon-box-wrapper\">\n\n\t\t\t\t\t\t<div class=\"elementor-icon-box-icon\">\n\t\t\t\t<span  class=\"elementor-icon\">\n\t\t\t\t<svg aria-hidden=\"true\" class=\"e-font-icon-svg e-fas-exclamation-triangle\" viewBox=\"0 0 576 512\" xmlns=\"http:\/\/www.w3.org\/2000\/svg\"><path d=\"M569.517 440.013C587.975 472.007 564.806 512 527.94 512H48.054c-36.937 0-59.999-40.055-41.577-71.987L246.423 23.985c18.467-32.009 64.72-31.951 83.154 0l239.94 416.028zM288 354c-25.405 0-46 20.595-46 46s20.595 46 46 46 46-20.595 46-46-20.595-46-46-46zm-43.673-165.346l7.418 136c.347 6.364 5.609 11.346 11.982 11.346h48.546c6.373 0 11.635-4.982 11.982-11.346l7.418-136c.375-6.874-5.098-12.654-11.982-12.654h-63.383c-6.884 0-12.356 5.78-11.981 12.654z\"><\/path><\/svg>\t\t\t\t<\/span>\n\t\t\t<\/div>\n\t\t\t\n\t\t\t\t\t\t<div class=\"elementor-icon-box-content\">\n\n\t\t\t\t\t\t\t\t\t<h3 class=\"elementor-icon-box-title\">\n\t\t\t\t\t\t<span  >\n\t\t\t\t\t\t\tHaftungsausschluss\t\t\t\t\t\t<\/span>\n\t\t\t\t\t<\/h3>\n\t\t\t\t\n\t\t\t\t\t\t\t\t\t<p class=\"elementor-icon-box-description\">\n\t\t\t\t\t\tALBABAM Kleidung unternimmt alle Anstrengungen, um die notwendige Infrastruktur f\u00fcr den sicheren, schnellen und unterbrechungsfreien Betrieb seiner Website bereitzustellen. Das Unternehmen kann jedoch nicht direkt f\u00fcr Situationen wie Datenverlust, Auftragsverz\u00f6gerungen oder Dienstunterbrechungen verantwortlich gemacht werden, die aufgrund von St\u00f6rungen der Internetinfrastruktur, Serverproblemen, Wartungsarbeiten oder technischen St\u00f6rungen durch Drittanbieter auftreten k\u00f6nnen. Der Benutzer wird \u00fcber derartige Ausnahmef\u00e4lle informiert.\t\t\t\t\t<\/p>\n\t\t\t\t\n\t\t\t<\/div>\n\t\t\t\n\t\t<\/div>\n\t\t\t\t\t\t<\/div>\n\t\t\t\t<div class=\"elementor-element elementor-element-c12c022 elementor-view-default elementor-position-top elementor-mobile-position-top elementor-widget elementor-widget-icon-box\" data-id=\"c12c022\" data-element_type=\"widget\" data-widget_type=\"icon-box.default\">\n\t\t\t\t\t\t\t<div class=\"elementor-icon-box-wrapper\">\n\n\t\t\t\t\t\t<div class=\"elementor-icon-box-icon\">\n\t\t\t\t<span  class=\"elementor-icon\">\n\t\t\t\t<svg aria-hidden=\"true\" class=\"e-font-icon-svg e-fas-sync-alt\" viewBox=\"0 0 512 512\" xmlns=\"http:\/\/www.w3.org\/2000\/svg\"><path d=\"M370.72 133.28C339.458 104.008 298.888 87.962 255.848 88c-77.458.068-144.328 53.178-162.791 126.85-1.344 5.363-6.122 9.15-11.651 9.15H24.103c-7.498 0-13.194-6.807-11.807-14.176C33.933 94.924 134.813 8 256 8c66.448 0 126.791 26.136 171.315 68.685L463.03 40.97C478.149 25.851 504 36.559 504 57.941V192c0 13.255-10.745 24-24 24H345.941c-21.382 0-32.09-25.851-16.971-40.971l41.75-41.749zM32 296h134.059c21.382 0 32.09 25.851 16.971 40.971l-41.75 41.75c31.262 29.273 71.835 45.319 114.876 45.28 77.418-.07 144.315-53.144 162.787-126.849 1.344-5.363 6.122-9.15 11.651-9.15h57.304c7.498 0 13.194 6.807 11.807 14.176C478.067 417.076 377.187 504 256 504c-66.448 0-126.791-26.136-171.315-68.685L48.97 471.03C33.851 486.149 8 475.441 8 454.059V320c0-13.255 10.745-24 24-24z\"><\/path><\/svg>\t\t\t\t<\/span>\n\t\t\t<\/div>\n\t\t\t\n\t\t\t\t\t\t<div class=\"elementor-icon-box-content\">\n\n\t\t\t\t\t\t\t\t\t<h3 class=\"elementor-icon-box-title\">\n\t\t\t\t\t\t<span  >\n\t\t\t\t\t\t\tRecht auf \u00c4nderung der Bedingungen\t\t\t\t\t\t<\/span>\n\t\t\t\t\t<\/h3>\n\t\t\t\t\n\t\t\t\t\t\t\t\t\t<p class=\"elementor-icon-box-description\">\n\t\t\t\t\t\tALBABAM Kleidung beh\u00e4lt sich das Recht vor, diese Nutzungsbedingungen ohne vorherige Ank\u00fcndigung im Einklang mit der Entwicklung von Gesch\u00e4ftsprozessen oder gesetzlichen Bestimmungen zu \u00e4ndern. Die ge\u00e4nderten Bestimmungen gelten ab dem Datum der Ver\u00f6ffentlichung auf der Website. Durch die fortgesetzte Nutzung der Site akzeptieren Benutzer diese Bedingungen. Die aktuellsten Nutzungsbedingungen k\u00f6nnen Sie jederzeit auf dieser Seite einsehen.\t\t\t\t\t<\/p>\n\t\t\t\t\n\t\t\t<\/div>\n\t\t\t\n\t\t<\/div>\n\t\t\t\t\t\t<\/div>\n\t\t\t\t<div class=\"elementor-element elementor-element-12e1290 elementor-view-default elementor-position-top elementor-mobile-position-top elementor-widget elementor-widget-icon-box\" data-id=\"12e1290\" data-element_type=\"widget\" data-widget_type=\"icon-box.default\">\n\t\t\t\t\t\t\t<div class=\"elementor-icon-box-wrapper\">\n\n\t\t\t\t\t\t<div class=\"elementor-icon-box-icon\">\n\t\t\t\t<span  class=\"elementor-icon\">\n\t\t\t\t<svg aria-hidden=\"true\" class=\"e-font-icon-svg e-fas-info\" viewBox=\"0 0 192 512\" xmlns=\"http:\/\/www.w3.org\/2000\/svg\"><path d=\"M20 424.229h20V279.771H20c-11.046 0-20-8.954-20-20V212c0-11.046 8.954-20 20-20h112c11.046 0 20 8.954 20 20v212.229h20c11.046 0 20 8.954 20 20V492c0 11.046-8.954 20-20 20H20c-11.046 0-20-8.954-20-20v-47.771c0-11.046 8.954-20 20-20zM96 0C56.235 0 24 32.235 24 72s32.235 72 72 72 72-32.235 72-72S135.764 0 96 0z\"><\/path><\/svg>\t\t\t\t<\/span>\n\t\t\t<\/div>\n\t\t\t\n\t\t\t\t\t\t<div class=\"elementor-icon-box-content\">\n\n\t\t\t\t\t\t\t\t\t<h3 class=\"elementor-icon-box-title\">\n\t\t\t\t\t\t<span  >\n\t\t\t\t\t\t\tStreitstatus\t\t\t\t\t\t<\/span>\n\t\t\t\t\t<\/h3>\n\t\t\t\t\n\t\t\t\t\t\t\t\t\t<p class=\"elementor-icon-box-description\">\n\t\t\t\t\t\tEventuelle Streitigkeiten, die sich aus der Nutzung unserer Site ergeben, werden zun\u00e4chst durch ein Schlichtungsverfahren beigelegt. Wenn jedoch keine Einigung erzielt werden kann, werden Gerichtsverfahren eingeleitet und die anatolischen Gerichte und Vollstreckungsbeh\u00f6rden in Istanbul sind f\u00fcr alle Gerichtsverfahren zust\u00e4ndig. Es wird davon ausgegangen, dass Benutzer diese Gerichtsbarkeit ab dem Zeitpunkt akzeptieren, an dem sie mit der Nutzung der Site beginnen.\n\n\t\t\t\t\t<\/p>\n\t\t\t\t\n\t\t\t<\/div>\n\t\t\t\n\t\t<\/div>\n\t\t\t\t\t\t<\/div>\n\t\t\t\t\t<\/div>\n\t\t\t\t<\/div>\n\t\t\t\t<\/div>\n\t\t","protected":false},"excerpt":{"rendered":"<p>Nutzungsbedingungen Site-Nutzung Besucher verpflichten sich, diese Website, die Eigentum von ALBABAM Kleidung ist, nur f\u00fcr legale, ehrliche und ethische Zwecke<\/p>\n","protected":false},"author":1,"featured_media":0,"parent":0,"menu_order":0,"comment_status":"closed","ping_status":"closed","template":"elementor_header_footer","meta":{"footnotes":""},"class_list":["post-1122","page","type-page","status-publish","hentry"],"_links":{"self":[{"href":"https:\/\/internship2.gigabyteltd.com\/de\/wp-json\/wp\/v2\/pages\/1122","targetHints":{"allow":["GET"]}}],"collection":[{"href":"https:\/\/internship2.gigabyteltd.com\/de\/wp-json\/wp\/v2\/pages"}],"about":[{"href":"https:\/\/internship2.gigabyteltd.com\/de\/wp-json\/wp\/v2\/types\/page"}],"author":[{"embeddable":true,"href":"https:\/\/internship2.gigabyteltd.com\/de\/wp-json\/wp\/v2\/users\/1"}],"replies":[{"embeddable":true,"href":"https:\/\/internship2.gigabyteltd.com\/de\/wp-json\/wp\/v2\/comments?post=1122"}],"version-history":[{"count":9,"href":"https:\/\/internship2.gigabyteltd.com\/de\/wp-json\/wp\/v2\/pages\/1122\/revisions"}],"predecessor-version":[{"id":3013,"href":"https:\/\/internship2.gigabyteltd.com\/de\/wp-json\/wp\/v2\/pages\/1122\/revisions\/3013"}],"wp:attachment":[{"href":"https:\/\/internship2.gigabyteltd.com\/de\/wp-json\/wp\/v2\/media?parent=1122"}],"curies":[{"name":"wp","href":"https:\/\/api.w.org\/{rel}","templated":true}]}}