{"id":1114,"date":"2025-07-18T08:47:05","date_gmt":"2025-07-18T05:47:05","guid":{"rendered":"http:\/\/localhost\/Albabam\/ueber-uns\/"},"modified":"2025-08-22T19:57:25","modified_gmt":"2025-08-22T16:57:25","slug":"ueber-uns","status":"publish","type":"page","link":"https:\/\/internship2.gigabyteltd.com\/de\/ueber-uns\/","title":{"rendered":"\u00dcber uns"},"content":{"rendered":"\t\t<div data-elementor-type=\"wp-page\" data-elementor-id=\"1114\" class=\"elementor elementor-1114 elementor-192\" data-elementor-post-type=\"page\">\n\t\t\t\t<div class=\"elementor-element elementor-element-7e031cd e-con-full wd-section-stretch e-flex e-con e-parent\" data-id=\"7e031cd\" data-element_type=\"container\" data-settings=\"{&quot;background_background&quot;:&quot;classic&quot;}\">\n\t\t\t\t<div class=\"elementor-element elementor-element-d09a511 elementor-widget elementor-widget-heading\" data-id=\"d09a511\" data-element_type=\"widget\" data-widget_type=\"heading.default\">\n\t\t\t\t\t<h1 class=\"elementor-heading-title elementor-size-default\">\u00dcber uns<\/h1>\t\t\t\t<\/div>\n\t\t\t\t<div class=\"elementor-element elementor-element-a7b0764 color-scheme-inherit text-left elementor-widget elementor-widget-text-editor\" data-id=\"a7b0764\" data-element_type=\"widget\" data-widget_type=\"text-editor.default\">\n\t\t\t\t\t\t\t\t\t<p>Willkommen an der Adresse der Mode.<\/p>\t\t\t\t\t\t\t\t<\/div>\n\t\t\t\t<\/div>\n\t\t<div class=\"wd-negative-gap elementor-element elementor-element-ea522de e-flex e-con-boxed e-con e-parent\" data-id=\"ea522de\" data-element_type=\"container\">\n\t\t\t\t\t<div class=\"e-con-inner\">\n\t\t\t\t<div class=\"elementor-element elementor-element-af668bb elementor-widget elementor-widget-heading\" data-id=\"af668bb\" data-element_type=\"widget\" data-widget_type=\"heading.default\">\n\t\t\t\t\t<h1 class=\"elementor-heading-title elementor-size-default\">Wer sind wir?<\/h1>\t\t\t\t<\/div>\n\t\t\t\t\t<\/div>\n\t\t\t\t<\/div>\n\t\t<div class=\"wd-negative-gap elementor-element elementor-element-b75cfe5 e-flex e-con-boxed e-con e-parent\" data-id=\"b75cfe5\" data-element_type=\"container\">\n\t\t\t\t\t<div class=\"e-con-inner\">\n\t\t<div class=\"elementor-element elementor-element-1404f12 e-con-full e-flex e-con e-child\" data-id=\"1404f12\" data-element_type=\"container\">\n\t\t\t\t<div class=\"elementor-element elementor-element-73835c7 color-scheme-inherit text-left elementor-widget elementor-widget-text-editor\" data-id=\"73835c7\" data-element_type=\"widget\" data-widget_type=\"text-editor.default\">\n\t\t\t\t\t\t\t\t\t<p data-start=\"99\" data-end=\"413\"><strong data-start=\"99\" data-end=\"162\">Mode ist nicht nur Kleidung; sie ist Haltung und Ausdruck<\/strong>. Wir bieten Ihnen nicht nur ein Produkt, sondern <strong data-start=\"217\" data-end=\"258\">einen Stil, der Ihr wahres Ich widerspiegel<\/strong>t. Indem wir Eleganz und Komfort in jedem St\u00fcck vereinen, m\u00f6chten wir Ihren Alltag komfortabel und stilvoll gestalten. <\/p><p data-start=\"415\" data-end=\"655\">Bei <b>ALBABAM <\/b>vereinen wir seit 2025 <strong data-start=\"457\" data-end=\"505\">Qualit\u00e4t, Eleganz und g\u00fcnstige Preise.<\/strong> Mit unseren saisonal aktualisierten Kollektionen bleiben wir am Puls der Zeit und setzen Akzente mit einem Produktangebot, das jeden Geschmack anspricht. <\/p><p data-start=\"657\" data-end=\"919\">Kundenzufriedenheit und Vertrauen sind f\u00fcr uns nicht nur ein Ziel, s<strong data-start=\"722\" data-end=\"747\">ondern unsere Daseinsberechtigung.<\/strong><br data-start=\"747\" data-end=\"750\">Mit jeder Bestellung bieten wir nicht nur ein Produkt, sondern ein sorgf\u00e4ltig gestaltetes Erlebnis.<br data-start=\"833\" data-end=\"836\"><strong data-start=\"836\" data-end=\"919\">W\u00e4hlen Sie einfach Ihren Stil \u2013 wir helfen Ihnen, das Beste aus sich herauszuholen.<\/strong><\/p>\t\t\t\t\t\t\t\t<\/div>\n\t\t\t\t<\/div>\n\t\t<div class=\"elementor-element elementor-element-190eeb7 e-con-full e-flex e-con e-child\" data-id=\"190eeb7\" data-element_type=\"container\" data-settings=\"{&quot;background_background&quot;:&quot;classic&quot;}\">\n\t\t\t\t<\/div>\n\t\t\t\t\t<\/div>\n\t\t\t\t<\/div>\n\t\t<div class=\"wd-negative-gap elementor-element elementor-element-f481a8f e-flex e-con-boxed e-con e-parent\" data-id=\"f481a8f\" data-element_type=\"container\">\n\t\t\t\t\t<div class=\"e-con-inner\">\n\t\t\t\t<div class=\"elementor-element elementor-element-68c0576 elementor-widget elementor-widget-heading\" data-id=\"68c0576\" data-element_type=\"widget\" data-widget_type=\"heading.default\">\n\t\t\t\t\t<h1 class=\"elementor-heading-title elementor-size-default\">Wir bieten nicht nur Neues, sondern alles Wertvolle<\/h1>\t\t\t\t<\/div>\n\t\t\t\t\t<\/div>\n\t\t\t\t<\/div>\n\t\t<div class=\"wd-negative-gap elementor-element elementor-element-b2a7d83 e-flex e-con-boxed e-con e-parent\" data-id=\"b2a7d83\" data-element_type=\"container\">\n\t\t\t\t\t<div class=\"e-con-inner\">\n\t\t<div class=\"elementor-element elementor-element-4c5ce98 e-con-full e-flex e-con e-child\" data-id=\"4c5ce98\" data-element_type=\"container\" data-settings=\"{&quot;background_background&quot;:&quot;classic&quot;}\">\n\t\t\t\t<\/div>\n\t\t<div class=\"elementor-element elementor-element-e2a65c3 e-con-full e-flex e-con e-child\" data-id=\"e2a65c3\" data-element_type=\"container\">\n\t\t\t\t<div class=\"elementor-element elementor-element-33c891e color-scheme-inherit text-left elementor-widget elementor-widget-text-editor\" data-id=\"33c891e\" data-element_type=\"widget\" data-widget_type=\"text-editor.default\">\n\t\t\t\t\t\t\t\t\t<h3 data-start=\"96\" data-end=\"123\">\u267b\ufe0f Warum Second-Hand-Produkte? <\/h3><p data-start=\"125\" data-end=\"371\">Wir glauben, dass es bei Mode nicht nur um Innovation, <strong data-start=\"155\" data-end=\"196\">sondern auch um Nachhaltigkeit und bewussten Konsum<\/strong> geht. Mit diesem Verst\u00e4ndnis bieten wir neben brandneuen Kollektionen auch <strong data-start=\"271\" data-end=\"343\">sorgf\u00e4ltig ausgew\u00e4hlte und qualit\u00e4tsgepr\u00fcfte Secondhand-Artikel an.<\/strong><\/p><p data-start=\"373\" data-end=\"604\">Jeder unserer Gebrauchtartikel wird gr\u00fcndlich gereinigt und gepr\u00fcft und <strong data-start=\"452\" data-end=\"479\">anschlie\u00dfend gebrauchsfertig verkauft.<\/strong> Unser Ziel ist es, Ihnen ein Einkaufserlebnis zu bieten, das nicht nur Ihr Budget, sondern auch die Umwelt schont.<\/p><p data-start=\"606\" data-end=\"791\"><strong data-start=\"606\" data-end=\"700\">Sie k\u00f6nnen einkaufen, ohne Ihren Stil zu kompromittieren und gleichzeitig etwas f\u00fcr die Umwelt tun<\/strong>. Denn wir glauben, dass Mode nicht nur f\u00fcr die Welt von heute, sondern auch f\u00fcr die von<strong data-start=\"746\" data-end=\"791\"> morgen Verantwortung tr\u00e4gt.<\/strong><\/p><p data-start=\"793\" data-end=\"973\"><strong data-start=\"793\" data-end=\"842\">Mit unseren erschwinglichen, umweltfreundliche<\/strong>n und stilvollen Optionen bringen wir frischen Wind in die Modewelt. Wenn Sie eine bewusste Wahl treffen, k\u00f6nnen Sie sowohl Ihre Garderobe als auch Ihre Zukunft verbessern.<\/p>\t\t\t\t\t\t\t\t<\/div>\n\t\t\t\t<\/div>\n\t\t\t\t\t<\/div>\n\t\t\t\t<\/div>\n\t\t<div class=\"wd-negative-gap elementor-element elementor-element-c82ca64 e-flex e-con-boxed e-con e-parent\" data-id=\"c82ca64\" data-element_type=\"container\">\n\t\t\t\t\t<div class=\"e-con-inner\">\n\t\t\t\t<div class=\"elementor-element elementor-element-72ab73a elementor-widget elementor-widget-heading\" data-id=\"72ab73a\" data-element_type=\"widget\" data-widget_type=\"heading.default\">\n\t\t\t\t\t<h1 class=\"elementor-heading-title elementor-size-default\">Warum sollten Sie sich f\u00fcr uns entscheiden?<\/h1>\t\t\t\t<\/div>\n\t\t\t\t\t<\/div>\n\t\t\t\t<\/div>\n\t\t<div class=\"wd-negative-gap elementor-element elementor-element-3dfee62 e-flex e-con-boxed e-con e-parent\" data-id=\"3dfee62\" data-element_type=\"container\">\n\t\t\t\t\t<div class=\"e-con-inner\">\n\t\t<div class=\"elementor-element elementor-element-8f7477e e-con-full e-flex e-con e-child\" data-id=\"8f7477e\" data-element_type=\"container\">\n\t\t\t\t<div class=\"elementor-element elementor-element-8b5a57a elementor-view-default elementor-position-top elementor-mobile-position-top elementor-widget elementor-widget-icon-box\" data-id=\"8b5a57a\" data-element_type=\"widget\" data-widget_type=\"icon-box.default\">\n\t\t\t\t\t\t\t<div class=\"elementor-icon-box-wrapper\">\n\n\t\t\t\t\t\t<div class=\"elementor-icon-box-icon\">\n\t\t\t\t<span  class=\"elementor-icon\">\n\t\t\t\t<svg aria-hidden=\"true\" class=\"e-font-icon-svg e-fas-tshirt\" viewBox=\"0 0 640 512\" xmlns=\"http:\/\/www.w3.org\/2000\/svg\"><path d=\"M631.2 96.5L436.5 0C416.4 27.8 371.9 47.2 320 47.2S223.6 27.8 203.5 0L8.8 96.5c-7.9 4-11.1 13.6-7.2 21.5l57.2 114.5c4 7.9 13.6 11.1 21.5 7.2l56.6-27.7c10.6-5.2 23 2.5 23 14.4V480c0 17.7 14.3 32 32 32h256c17.7 0 32-14.3 32-32V226.3c0-11.8 12.4-19.6 23-14.4l56.6 27.7c7.9 4 17.5.8 21.5-7.2L638.3 118c4-7.9.8-17.6-7.1-21.5z\"><\/path><\/svg>\t\t\t\t<\/span>\n\t\t\t<\/div>\n\t\t\t\n\t\t\t\t\t\t<div class=\"elementor-icon-box-content\">\n\n\t\t\t\t\t\t\t\t\t<h3 class=\"elementor-icon-box-title\">\n\t\t\t\t\t\t<span  >\n\t\t\t\t\t\t\tQualit\u00e4tsprodukte\t\t\t\t\t\t<\/span>\n\t\t\t\t\t<\/h3>\n\t\t\t\t\n\t\t\t\t\t\t\t\t\t<p class=\"elementor-icon-box-description\">\n\t\t\t\t\t\tWir achten auf jeden Schritt, von der Stoffqualit\u00e4t bis zum N\u00e4hen.\t\t\t\t\t<\/p>\n\t\t\t\t\n\t\t\t<\/div>\n\t\t\t\n\t\t<\/div>\n\t\t\t\t\t\t<\/div>\n\t\t\t\t<\/div>\n\t\t<div class=\"elementor-element elementor-element-73a3338 e-con-full e-flex e-con e-child\" data-id=\"73a3338\" data-element_type=\"container\">\n\t\t\t\t<div class=\"elementor-element elementor-element-29d32fd elementor-view-default elementor-position-top elementor-mobile-position-top elementor-widget elementor-widget-icon-box\" data-id=\"29d32fd\" data-element_type=\"widget\" data-widget_type=\"icon-box.default\">\n\t\t\t\t\t\t\t<div class=\"elementor-icon-box-wrapper\">\n\n\t\t\t\t\t\t<div class=\"elementor-icon-box-icon\">\n\t\t\t\t<span  class=\"elementor-icon\">\n\t\t\t\t<svg aria-hidden=\"true\" class=\"e-font-icon-svg e-fas-lock\" viewBox=\"0 0 448 512\" xmlns=\"http:\/\/www.w3.org\/2000\/svg\"><path d=\"M400 224h-24v-72C376 68.2 307.8 0 224 0S72 68.2 72 152v72H48c-26.5 0-48 21.5-48 48v192c0 26.5 21.5 48 48 48h352c26.5 0 48-21.5 48-48V272c0-26.5-21.5-48-48-48zm-104 0H152v-72c0-39.7 32.3-72 72-72s72 32.3 72 72v72z\"><\/path><\/svg>\t\t\t\t<\/span>\n\t\t\t<\/div>\n\t\t\t\n\t\t\t\t\t\t<div class=\"elementor-icon-box-content\">\n\n\t\t\t\t\t\t\t\t\t<h3 class=\"elementor-icon-box-title\">\n\t\t\t\t\t\t<span  >\n\t\t\t\t\t\t\tSicheres Einkaufen\t\t\t\t\t\t<\/span>\n\t\t\t\t\t<\/h3>\n\t\t\t\t\n\t\t\t\t\t\t\t\t\t<p class=\"elementor-icon-box-description\">\n\t\t\t\t\t\tSSL-zertifizierte und benutzerfreundliche Zahlungsinfrastruktur.\t\t\t\t\t<\/p>\n\t\t\t\t\n\t\t\t<\/div>\n\t\t\t\n\t\t<\/div>\n\t\t\t\t\t\t<\/div>\n\t\t\t\t<\/div>\n\t\t<div class=\"elementor-element elementor-element-f688e61 e-con-full e-flex e-con e-child\" data-id=\"f688e61\" data-element_type=\"container\">\n\t\t\t\t<div class=\"elementor-element elementor-element-09a88c3 elementor-view-default elementor-position-top elementor-mobile-position-top elementor-widget elementor-widget-icon-box\" data-id=\"09a88c3\" data-element_type=\"widget\" data-widget_type=\"icon-box.default\">\n\t\t\t\t\t\t\t<div class=\"elementor-icon-box-wrapper\">\n\n\t\t\t\t\t\t<div class=\"elementor-icon-box-icon\">\n\t\t\t\t<span  class=\"elementor-icon\">\n\t\t\t\t<svg aria-hidden=\"true\" class=\"e-font-icon-svg e-fas-shipping-fast\" viewBox=\"0 0 640 512\" xmlns=\"http:\/\/www.w3.org\/2000\/svg\"><path d=\"M624 352h-16V243.9c0-12.7-5.1-24.9-14.1-33.9L494 110.1c-9-9-21.2-14.1-33.9-14.1H416V48c0-26.5-21.5-48-48-48H112C85.5 0 64 21.5 64 48v48H8c-4.4 0-8 3.6-8 8v16c0 4.4 3.6 8 8 8h272c4.4 0 8 3.6 8 8v16c0 4.4-3.6 8-8 8H40c-4.4 0-8 3.6-8 8v16c0 4.4 3.6 8 8 8h208c4.4 0 8 3.6 8 8v16c0 4.4-3.6 8-8 8H8c-4.4 0-8 3.6-8 8v16c0 4.4 3.6 8 8 8h208c4.4 0 8 3.6 8 8v16c0 4.4-3.6 8-8 8H64v128c0 53 43 96 96 96s96-43 96-96h128c0 53 43 96 96 96s96-43 96-96h48c8.8 0 16-7.2 16-16v-32c0-8.8-7.2-16-16-16zM160 464c-26.5 0-48-21.5-48-48s21.5-48 48-48 48 21.5 48 48-21.5 48-48 48zm320 0c-26.5 0-48-21.5-48-48s21.5-48 48-48 48 21.5 48 48-21.5 48-48 48zm80-208H416V144h44.1l99.9 99.9V256z\"><\/path><\/svg>\t\t\t\t<\/span>\n\t\t\t<\/div>\n\t\t\t\n\t\t\t\t\t\t<div class=\"elementor-icon-box-content\">\n\n\t\t\t\t\t\t\t\t\t<h3 class=\"elementor-icon-box-title\">\n\t\t\t\t\t\t<span  >\n\t\t\t\t\t\t\tSchneller Versand\t\t\t\t\t\t<\/span>\n\t\t\t\t\t<\/h3>\n\t\t\t\t\n\t\t\t\t\t\t\t\t\t<p class=\"elementor-icon-box-description\">\n\t\t\t\t\t\t Wir versenden Ihre Bestellungen innerhalb von 24 Stunden.\t\t\t\t\t<\/p>\n\t\t\t\t\n\t\t\t<\/div>\n\t\t\t\n\t\t<\/div>\n\t\t\t\t\t\t<\/div>\n\t\t\t\t<\/div>\n\t\t<div class=\"elementor-element elementor-element-38a1e37 e-con-full e-flex e-con e-child\" data-id=\"38a1e37\" data-element_type=\"container\">\n\t\t\t\t<div class=\"elementor-element elementor-element-d1e7cec elementor-view-default elementor-position-top elementor-mobile-position-top elementor-widget elementor-widget-icon-box\" data-id=\"d1e7cec\" data-element_type=\"widget\" data-widget_type=\"icon-box.default\">\n\t\t\t\t\t\t\t<div class=\"elementor-icon-box-wrapper\">\n\n\t\t\t\t\t\t<div class=\"elementor-icon-box-icon\">\n\t\t\t\t<span  class=\"elementor-icon\">\n\t\t\t\t<svg aria-hidden=\"true\" class=\"e-font-icon-svg e-fas-smile-wink\" viewBox=\"0 0 496 512\" xmlns=\"http:\/\/www.w3.org\/2000\/svg\"><path d=\"M0 256c0 137 111 248 248 248s248-111 248-248S385 8 248 8 0 119 0 256zm200-48c0 17.7-14.3 32-32 32s-32-14.3-32-32 14.3-32 32-32 32 14.3 32 32zm158.5 16.5c-14.8-13.2-46.2-13.2-61 0L288 233c-8.3 7.4-21.6.4-19.8-10.8 4-25.2 34.2-42.1 59.9-42.1S384 197 388 222.2c1.7 11.1-11.4 18.3-19.8 10.8l-9.7-8.5zM157.8 325.8C180.2 352.7 213 368 248 368s67.8-15.4 90.2-42.2c13.6-16.2 38.1 4.2 24.6 20.5C334.3 380.4 292.5 400 248 400s-86.3-19.6-114.8-53.8c-13.5-16.3 11.2-36.7 24.6-20.4z\"><\/path><\/svg>\t\t\t\t<\/span>\n\t\t\t<\/div>\n\t\t\t\n\t\t\t\t\t\t<div class=\"elementor-icon-box-content\">\n\n\t\t\t\t\t\t\t\t\t<h3 class=\"elementor-icon-box-title\">\n\t\t\t\t\t\t<span  >\n\t\t\t\t\t\t\t100% Kundenzufriedenheit\t\t\t\t\t\t<\/span>\n\t\t\t\t\t<\/h3>\n\t\t\t\t\n\t\t\t\t\t\t\t\t\t<p class=\"elementor-icon-box-description\">\n\t\t\t\t\t\t Wir sind immer f\u00fcr Sie da.\t\t\t\t\t<\/p>\n\t\t\t\t\n\t\t\t<\/div>\n\t\t\t\n\t\t<\/div>\n\t\t\t\t\t\t<\/div>\n\t\t\t\t<\/div>\n\t\t\t\t\t<\/div>\n\t\t\t\t<\/div>\n\t\t<div class=\"elementor-element elementor-element-e114b35 e-con-full wd-section-stretch e-flex e-con e-parent\" data-id=\"e114b35\" data-element_type=\"container\" data-settings=\"{&quot;background_background&quot;:&quot;classic&quot;}\">\n\t\t\t\t<div class=\"elementor-element elementor-element-c33163f color-scheme-inherit text-left elementor-widget elementor-widget-text-editor\" data-id=\"c33163f\" data-element_type=\"widget\" data-widget_type=\"text-editor.default\">\n\t\t\t\t\t\t\t\t\t<p>M\u00f6chten Sie uns kontaktieren? <br \/>Wir freuen uns \u00fcber Ihre Fragen und Anregungen.<\/p>\t\t\t\t\t\t\t\t<\/div>\n\t\t\t\t<div class=\"elementor-element elementor-element-b2696cf elementor-widget elementor-widget-wd_button\" data-id=\"b2696cf\" data-element_type=\"widget\" data-widget_type=\"wd_button.default\">\n\t\t\t\t<div class=\"elementor-widget-container\">\n\t\t\t\t\t\t\t<div class=\"wd-button-wrapper text-center\" >\n\t\t\t<a class=\"btn btn-style-default btn-shape-semi-round btn-size-default btn-color-custom btn-icon-pos-right\"  href=\"https:\/\/internship2.gigabyteltd.com\/de\/kommunikation\/\">\n\t\t\t\t<span class=\"wd-btn-text\" data-elementor-setting-key=\"text\">\n\t\t\t\t\tZur Kontaktseite\t\t\t\t<\/span>\n\n\t\t\t\t\t\t\t<\/a>\n\t\t<\/div>\n\t\t\t\t\t\t<\/div>\n\t\t\t\t<\/div>\n\t\t\t\t<\/div>\n\t\t\t\t<\/div>\n\t\t","protected":false},"excerpt":{"rendered":"<p>\u00dcber uns Willkommen an der Adresse der Mode. Wer sind wir? Mode ist nicht nur Kleidung; sie ist Haltung und<\/p>\n","protected":false},"author":1,"featured_media":0,"parent":0,"menu_order":0,"comment_status":"closed","ping_status":"closed","template":"","meta":{"footnotes":""},"class_list":["post-1114","page","type-page","status-publish","hentry"],"_links":{"self":[{"href":"https:\/\/internship2.gigabyteltd.com\/de\/wp-json\/wp\/v2\/pages\/1114","targetHints":{"allow":["GET"]}}],"collection":[{"href":"https:\/\/internship2.gigabyteltd.com\/de\/wp-json\/wp\/v2\/pages"}],"about":[{"href":"https:\/\/internship2.gigabyteltd.com\/de\/wp-json\/wp\/v2\/types\/page"}],"author":[{"embeddable":true,"href":"https:\/\/internship2.gigabyteltd.com\/de\/wp-json\/wp\/v2\/users\/1"}],"replies":[{"embeddable":true,"href":"https:\/\/internship2.gigabyteltd.com\/de\/wp-json\/wp\/v2\/comments?post=1114"}],"version-history":[{"count":23,"href":"https:\/\/internship2.gigabyteltd.com\/de\/wp-json\/wp\/v2\/pages\/1114\/revisions"}],"predecessor-version":[{"id":2958,"href":"https:\/\/internship2.gigabyteltd.com\/de\/wp-json\/wp\/v2\/pages\/1114\/revisions\/2958"}],"wp:attachment":[{"href":"https:\/\/internship2.gigabyteltd.com\/de\/wp-json\/wp\/v2\/media?parent=1114"}],"curies":[{"name":"wp","href":"https:\/\/api.w.org\/{rel}","templated":true}]}}