{"id":1112,"date":"2025-07-14T13:54:51","date_gmt":"2025-07-14T10:54:51","guid":{"rendered":"http:\/\/localhost\/Albabam\/datenschutzrichtlinie\/"},"modified":"2025-08-22T18:21:01","modified_gmt":"2025-08-22T15:21:01","slug":"datenschutzrichtlinie","status":"publish","type":"page","link":"https:\/\/internship2.gigabyteltd.com\/de\/datenschutzrichtlinie\/","title":{"rendered":"Datenschutzrichtlinie"},"content":{"rendered":"\t\t<div data-elementor-type=\"wp-page\" data-elementor-id=\"1112\" class=\"elementor elementor-1112 elementor-3\" data-elementor-post-type=\"page\">\n\t\t\t\t<div class=\"elementor-element elementor-element-1b576e3 e-con-full wd-section-stretch e-flex e-con e-parent\" data-id=\"1b576e3\" data-element_type=\"container\" data-settings=\"{&quot;background_background&quot;:&quot;classic&quot;}\">\n\t\t\t\t<div class=\"elementor-element elementor-element-f36f646 elementor-widget elementor-widget-heading\" data-id=\"f36f646\" data-element_type=\"widget\" data-widget_type=\"heading.default\">\n\t\t\t\t\t<h1 class=\"elementor-heading-title elementor-size-default\">Datenschutzrichtlinie<\/h1>\t\t\t\t<\/div>\n\t\t\t\t<div class=\"elementor-element elementor-element-b1607ad color-scheme-inherit text-left elementor-widget elementor-widget-text-editor\" data-id=\"b1607ad\" data-element_type=\"widget\" data-widget_type=\"text-editor.default\">\n\t\t\t\t\t\t\t\t\t<p>Ihre pers\u00f6nlichen Daten sind bei uns sicher<\/p>\t\t\t\t\t\t\t\t<\/div>\n\t\t\t\t<\/div>\n\t\t<div class=\"elementor-element elementor-element-3bfd2b7 e-flex e-con-boxed e-con e-parent\" data-id=\"3bfd2b7\" data-element_type=\"container\">\n\t\t\t\t\t<div class=\"e-con-inner\">\n\t\t\t\t<div class=\"elementor-element elementor-element-f2ef818 elementor-icon-list--layout-traditional elementor-list-item-link-full_width elementor-widget elementor-widget-icon-list\" data-id=\"f2ef818\" data-element_type=\"widget\" data-widget_type=\"icon-list.default\">\n\t\t\t\t\t\t\t<ul class=\"elementor-icon-list-items\">\n\t\t\t\t\t\t\t<li class=\"elementor-icon-list-item\">\n\t\t\t\t\t\t\t\t\t\t\t<span class=\"elementor-icon-list-icon\">\n\t\t\t\t\t\t\t<svg aria-hidden=\"true\" class=\"e-font-icon-svg e-fas-shield-alt\" viewBox=\"0 0 512 512\" xmlns=\"http:\/\/www.w3.org\/2000\/svg\"><path d=\"M466.5 83.7l-192-80a48.15 48.15 0 0 0-36.9 0l-192 80C27.7 91.1 16 108.6 16 128c0 198.5 114.5 335.7 221.5 380.3 11.8 4.9 25.1 4.9 36.9 0C360.1 472.6 496 349.3 496 128c0-19.4-11.7-36.9-29.5-44.3zM256.1 446.3l-.1-381 175.9 73.3c-3.3 151.4-82.1 261.1-175.8 307.7z\"><\/path><\/svg>\t\t\t\t\t\t<\/span>\n\t\t\t\t\t\t\t\t\t\t<span class=\"elementor-icon-list-text\">Schutz personenbezogener Daten<\/span>\n\t\t\t\t\t\t\t\t\t<\/li>\n\t\t\t\t\t\t<\/ul>\n\t\t\t\t\t\t<\/div>\n\t\t\t\t<div class=\"elementor-element elementor-element-36be314d color-scheme-inherit text-left elementor-widget elementor-widget-text-editor\" data-id=\"36be314d\" data-element_type=\"widget\" data-widget_type=\"text-editor.default\">\n\t\t\t\t\t\t\t\t\t<p data-start=\"316\" data-end=\"537\">Bei ALBABAM Giyim legen wir gro\u00dfen Wert auf die Privatsph\u00e4re unserer Besucher. <strong data-start=\"398\" data-end=\"443\">Gem\u00e4\u00df dem Datenschutzgesetz<\/strong> Nr. 6698 (KVKK) werden Ihre Benutzerinformationen legal und sicher verarbeitet und gespeichert.<\/p><p data-start=\"539\" data-end=\"588\">Die von uns erhobenen personenbezogenen Daten beschr\u00e4nken sich auf:<\/p><ul data-start=\"590\" data-end=\"684\"><li data-start=\"590\" data-end=\"602\"><p data-start=\"592\" data-end=\"602\">Vorname Nachname<\/p><\/li><li data-start=\"603\" data-end=\"621\"><p data-start=\"605\" data-end=\"621\">E-Mail-Adresse<\/p><\/li><li data-start=\"622\" data-end=\"642\"><p data-start=\"624\" data-end=\"642\">Telefonnummer<\/p><\/li><li data-start=\"643\" data-end=\"662\"><p data-start=\"645\" data-end=\"662\">Lieferadresse<\/p><\/li><li data-start=\"663\" data-end=\"684\"><p data-start=\"665\" data-end=\"684\">Bestellinformationen<\/p><\/li><\/ul>\t\t\t\t\t\t\t\t<\/div>\n\t\t\t\t<div class=\"elementor-element elementor-element-9d33e50 elementor-icon-list--layout-traditional elementor-list-item-link-full_width elementor-widget elementor-widget-icon-list\" data-id=\"9d33e50\" data-element_type=\"widget\" data-widget_type=\"icon-list.default\">\n\t\t\t\t\t\t\t<ul class=\"elementor-icon-list-items\">\n\t\t\t\t\t\t\t<li class=\"elementor-icon-list-item\">\n\t\t\t\t\t\t\t\t\t\t\t<span class=\"elementor-icon-list-icon\">\n\t\t\t\t\t\t\t<svg aria-hidden=\"true\" class=\"e-font-icon-svg e-fas-bullseye\" viewBox=\"0 0 496 512\" xmlns=\"http:\/\/www.w3.org\/2000\/svg\"><path d=\"M248 8C111.03 8 0 119.03 0 256s111.03 248 248 248 248-111.03 248-248S384.97 8 248 8zm0 432c-101.69 0-184-82.29-184-184 0-101.69 82.29-184 184-184 101.69 0 184 82.29 184 184 0 101.69-82.29 184-184 184zm0-312c-70.69 0-128 57.31-128 128s57.31 128 128 128 128-57.31 128-128-57.31-128-128-128zm0 192c-35.29 0-64-28.71-64-64s28.71-64 64-64 64 28.71 64 64-28.71 64-64 64z\"><\/path><\/svg>\t\t\t\t\t\t<\/span>\n\t\t\t\t\t\t\t\t\t\t<span class=\"elementor-icon-list-text\">Zweck der Datenerhebung<\/span>\n\t\t\t\t\t\t\t\t\t<\/li>\n\t\t\t\t\t\t<\/ul>\n\t\t\t\t\t\t<\/div>\n\t\t\t\t<div class=\"elementor-element elementor-element-6239a77 color-scheme-inherit text-left elementor-widget elementor-widget-text-editor\" data-id=\"6239a77\" data-element_type=\"widget\" data-widget_type=\"text-editor.default\">\n\t\t\t\t\t\t\t\t\t<p data-start=\"727\" data-end=\"787\">Ihre personenbezogenen Daten werden zu folgenden Zwecken erhoben und verarbeitet:<\/p><ul data-start=\"789\" data-end=\"1021\"><li data-start=\"789\" data-end=\"832\"><p data-start=\"791\" data-end=\"832\">Bestellvorgangsabwicklung und Lieferung<\/p><\/li><li data-start=\"833\" data-end=\"873\"><p data-start=\"835\" data-end=\"873\">Bereitstellung von Kundensupportdiensten<\/p><\/li><li data-start=\"874\" data-end=\"949\"><p data-start=\"876\" data-end=\"949\">Wenn Sie Ihr Einverst\u00e4ndnis geben, senden wir Ihnen Kampagnen- und Informationsnachrichten.<\/p><\/li><li data-start=\"950\" data-end=\"1021\"><p data-start=\"952\" data-end=\"1021\">Messen der Site-Leistung und Verbessern des Benutzererlebnisses<\/p><\/li><\/ul>\t\t\t\t\t\t\t\t<\/div>\n\t\t\t\t<div class=\"elementor-element elementor-element-06bc6db elementor-icon-list--layout-traditional elementor-list-item-link-full_width elementor-widget elementor-widget-icon-list\" data-id=\"06bc6db\" data-element_type=\"widget\" data-widget_type=\"icon-list.default\">\n\t\t\t\t\t\t\t<ul class=\"elementor-icon-list-items\">\n\t\t\t\t\t\t\t<li class=\"elementor-icon-list-item\">\n\t\t\t\t\t\t\t\t\t\t\t<span class=\"elementor-icon-list-icon\">\n\t\t\t\t\t\t\t<svg aria-hidden=\"true\" class=\"e-font-icon-svg e-fas-handshake\" viewBox=\"0 0 640 512\" xmlns=\"http:\/\/www.w3.org\/2000\/svg\"><path d=\"M434.7 64h-85.9c-8 0-15.7 3-21.6 8.4l-98.3 90c-.1.1-.2.3-.3.4-16.6 15.6-16.3 40.5-2.1 56 12.7 13.9 39.4 17.6 56.1 2.7.1-.1.3-.1.4-.2l79.9-73.2c6.5-5.9 16.7-5.5 22.6 1 6 6.5 5.5 16.6-1 22.6l-26.1 23.9L504 313.8c2.9 2.4 5.5 5 7.9 7.7V128l-54.6-54.6c-5.9-6-14.1-9.4-22.6-9.4zM544 128.2v223.9c0 17.7 14.3 32 32 32h64V128.2h-96zm48 223.9c-8.8 0-16-7.2-16-16s7.2-16 16-16 16 7.2 16 16-7.2 16-16 16zM0 384h64c17.7 0 32-14.3 32-32V128.2H0V384zm48-63.9c8.8 0 16 7.2 16 16s-7.2 16-16 16-16-7.2-16-16c0-8.9 7.2-16 16-16zm435.9 18.6L334.6 217.5l-30 27.5c-29.7 27.1-75.2 24.5-101.7-4.4-26.9-29.4-24.8-74.9 4.4-101.7L289.1 64h-83.8c-8.5 0-16.6 3.4-22.6 9.4L128 128v223.9h18.3l90.5 81.9c27.4 22.3 67.7 18.1 90-9.3l.2-.2 17.9 15.5c15.9 13 39.4 10.5 52.3-5.4l31.4-38.6 5.4 4.4c13.7 11.1 33.9 9.1 45-4.7l9.5-11.7c11.2-13.8 9.1-33.9-4.6-45.1z\"><\/path><\/svg>\t\t\t\t\t\t<\/span>\n\t\t\t\t\t\t\t\t\t\t<span class=\"elementor-icon-list-text\">Weitergabe an Dritte<\/span>\n\t\t\t\t\t\t\t\t\t<\/li>\n\t\t\t\t\t\t<\/ul>\n\t\t\t\t\t\t<\/div>\n\t\t\t\t<div class=\"elementor-element elementor-element-f53633c color-scheme-inherit text-left elementor-widget elementor-widget-text-editor\" data-id=\"f53633c\" data-element_type=\"widget\" data-widget_type=\"text-editor.default\">\n\t\t\t\t\t\t\t\t\t<p data-start=\"1066\" data-end=\"1146\">Ihre personenbezogenen Daten werden nur an die folgenden von uns belieferten Parteien weitergegeben:<\/p><ul data-start=\"1148\" data-end=\"1252\"><li data-start=\"1148\" data-end=\"1168\"><p data-start=\"1150\" data-end=\"1168\">Frachtunternehmen<\/p><\/li><li data-start=\"1169\" data-end=\"1200\"><p data-start=\"1171\" data-end=\"1200\">Anbieter von Zahlungsinfrastrukturen<\/p><\/li><li data-start=\"1201\" data-end=\"1252\"><p data-start=\"1203\" data-end=\"1252\">Berechtigte Institutionen im Rahmen gesetzlicher Verpflichtungen<\/p><\/li><\/ul><p data-start=\"1254\" data-end=\"1332\"><strong data-start=\"1254\" data-end=\"1332\">Es werden keine personenbezogenen Daten ohne Zustimmung an Dritte weitergegeben oder verkauft.<\/strong><\/p>\t\t\t\t\t\t\t\t<\/div>\n\t\t\t\t<div class=\"elementor-element elementor-element-da8d951 elementor-icon-list--layout-traditional elementor-list-item-link-full_width elementor-widget elementor-widget-icon-list\" data-id=\"da8d951\" data-element_type=\"widget\" data-widget_type=\"icon-list.default\">\n\t\t\t\t\t\t\t<ul class=\"elementor-icon-list-items\">\n\t\t\t\t\t\t\t<li class=\"elementor-icon-list-item\">\n\t\t\t\t\t\t\t\t\t\t\t<span class=\"elementor-icon-list-icon\">\n\t\t\t\t\t\t\t<svg aria-hidden=\"true\" class=\"e-font-icon-svg e-fas-cookie\" viewBox=\"0 0 512 512\" xmlns=\"http:\/\/www.w3.org\/2000\/svg\"><path d=\"M510.37 254.79l-12.08-76.26a132.493 132.493 0 0 0-37.16-72.95l-54.76-54.75c-19.73-19.72-45.18-32.7-72.71-37.05l-76.7-12.15c-27.51-4.36-55.69.11-80.52 12.76L107.32 49.6a132.25 132.25 0 0 0-57.79 57.8l-35.1 68.88a132.602 132.602 0 0 0-12.82 80.94l12.08 76.27a132.493 132.493 0 0 0 37.16 72.95l54.76 54.75a132.087 132.087 0 0 0 72.71 37.05l76.7 12.14c27.51 4.36 55.69-.11 80.52-12.75l69.12-35.21a132.302 132.302 0 0 0 57.79-57.8l35.1-68.87c12.71-24.96 17.2-53.3 12.82-80.96zM176 368c-17.67 0-32-14.33-32-32s14.33-32 32-32 32 14.33 32 32-14.33 32-32 32zm32-160c-17.67 0-32-14.33-32-32s14.33-32 32-32 32 14.33 32 32-14.33 32-32 32zm160 128c-17.67 0-32-14.33-32-32s14.33-32 32-32 32 14.33 32 32-14.33 32-32 32z\"><\/path><\/svg>\t\t\t\t\t\t<\/span>\n\t\t\t\t\t\t\t\t\t\t<span class=\"elementor-icon-list-text\">Cookie-Richtlinie<\/span>\n\t\t\t\t\t\t\t\t\t<\/li>\n\t\t\t\t\t\t<\/ul>\n\t\t\t\t\t\t<\/div>\n\t\t\t\t<div class=\"elementor-element elementor-element-cb0539d color-scheme-inherit text-left elementor-widget elementor-widget-text-editor\" data-id=\"cb0539d\" data-element_type=\"widget\" data-widget_type=\"text-editor.default\">\n\t\t\t\t\t\t\t\t\t<p data-start=\"1377\" data-end=\"1524\">Unsere Webseite verwendet Cookies, um die Benutzererfahrung zu verbessern.<br data-start=\"1447\" data-end=\"1450\">Cookies sind kleine Textdateien, die vor\u00fcbergehend in Ihrem Browser gespeichert werden.<\/p><p data-start=\"1526\" data-end=\"1681\">Sie k\u00f6nnen Cookies jederzeit in Ihren Browsereinstellungen deaktivieren oder l\u00f6schen. Dies kann jedoch einige Funktionen der Website beeintr\u00e4chtigen. <\/p>\t\t\t\t\t\t\t\t<\/div>\n\t\t\t\t<div class=\"elementor-element elementor-element-3a06fe2 elementor-icon-list--layout-traditional elementor-list-item-link-full_width elementor-widget elementor-widget-icon-list\" data-id=\"3a06fe2\" data-element_type=\"widget\" data-widget_type=\"icon-list.default\">\n\t\t\t\t\t\t\t<ul class=\"elementor-icon-list-items\">\n\t\t\t\t\t\t\t<li class=\"elementor-icon-list-item\">\n\t\t\t\t\t\t\t\t\t\t\t<span class=\"elementor-icon-list-icon\">\n\t\t\t\t\t\t\t<svg aria-hidden=\"true\" class=\"e-font-icon-svg e-fas-clock\" viewBox=\"0 0 512 512\" xmlns=\"http:\/\/www.w3.org\/2000\/svg\"><path d=\"M256,8C119,8,8,119,8,256S119,504,256,504,504,393,504,256,393,8,256,8Zm92.49,313h0l-20,25a16,16,0,0,1-22.49,2.5h0l-67-49.72a40,40,0,0,1-15-31.23V112a16,16,0,0,1,16-16h32a16,16,0,0,1,16,16V256l58,42.5A16,16,0,0,1,348.49,321Z\"><\/path><\/svg>\t\t\t\t\t\t<\/span>\n\t\t\t\t\t\t\t\t\t\t<span class=\"elementor-icon-list-text\">Aufbewahrungsdauer der Daten<\/span>\n\t\t\t\t\t\t\t\t\t<\/li>\n\t\t\t\t\t\t<\/ul>\n\t\t\t\t\t\t<\/div>\n\t\t\t\t<div class=\"elementor-element elementor-element-57cdb58 color-scheme-inherit text-left elementor-widget elementor-widget-text-editor\" data-id=\"57cdb58\" data-element_type=\"widget\" data-widget_type=\"text-editor.default\">\n\t\t\t\t\t\t\t\t\t<p>Die erhobenen Daten werden gem\u00e4\u00df den gesetzlichen und kommerziellen Anforderungen <strong data-start=\"1795\" data-end=\"1812\">f\u00fcr einen angemessenen Zeitraum<\/strong> gespeichert. Abgelaufene Daten werden sicher aus dem System gel\u00f6scht oder anonymisiert.<\/p>\t\t\t\t\t\t\t\t<\/div>\n\t\t\t\t<div class=\"elementor-element elementor-element-c260cca elementor-icon-list--layout-traditional elementor-list-item-link-full_width elementor-widget elementor-widget-icon-list\" data-id=\"c260cca\" data-element_type=\"widget\" data-widget_type=\"icon-list.default\">\n\t\t\t\t\t\t\t<ul class=\"elementor-icon-list-items\">\n\t\t\t\t\t\t\t<li class=\"elementor-icon-list-item\">\n\t\t\t\t\t\t\t\t\t\t\t<span class=\"elementor-icon-list-icon\">\n\t\t\t\t\t\t\t<svg aria-hidden=\"true\" class=\"e-font-icon-svg e-fas-user-shield\" viewBox=\"0 0 640 512\" xmlns=\"http:\/\/www.w3.org\/2000\/svg\"><path d=\"M622.3 271.1l-115.2-45c-4.1-1.6-12.6-3.7-22.2 0l-115.2 45c-10.7 4.2-17.7 14-17.7 24.9 0 111.6 68.7 188.8 132.9 213.9 9.6 3.7 18 1.6 22.2 0C558.4 489.9 640 420.5 640 296c0-10.9-7-20.7-17.7-24.9zM496 462.4V273.3l95.5 37.3c-5.6 87.1-60.9 135.4-95.5 151.8zM224 256c70.7 0 128-57.3 128-128S294.7 0 224 0 96 57.3 96 128s57.3 128 128 128zm96 40c0-2.5.8-4.8 1.1-7.2-2.5-.1-4.9-.8-7.5-.8h-16.7c-22.2 10.2-46.9 16-72.9 16s-50.6-5.8-72.9-16h-16.7C60.2 288 0 348.2 0 422.4V464c0 26.5 21.5 48 48 48h352c6.8 0 13.3-1.5 19.2-4-54-42.9-99.2-116.7-99.2-212z\"><\/path><\/svg>\t\t\t\t\t\t<\/span>\n\t\t\t\t\t\t\t\t\t\t<span class=\"elementor-icon-list-text\">Ihre Rechte<\/span>\n\t\t\t\t\t\t\t\t\t<\/li>\n\t\t\t\t\t\t<\/ul>\n\t\t\t\t\t\t<\/div>\n\t\t\t\t<div class=\"elementor-element elementor-element-3eb6cbe color-scheme-inherit text-left elementor-widget elementor-widget-text-editor\" data-id=\"3eb6cbe\" data-element_type=\"widget\" data-widget_type=\"text-editor.default\">\n\t\t\t\t\t\t\t\t\t<p data-start=\"1967\" data-end=\"2024\">Gem\u00e4\u00df KVKK-Nr. 6698 haben Sie folgende Rechte:<\/p><ul data-start=\"2026\" data-end=\"2197\"><li data-start=\"2026\" data-end=\"2057\"><p data-start=\"2028\" data-end=\"2057\">Zugriff auf Ihre personenbezogenen Daten<\/p><\/li><li data-start=\"2058\" data-end=\"2114\"><p data-start=\"2060\" data-end=\"2114\">Berichtigung oder L\u00f6schung von Daten verlangen<\/p><\/li><li data-start=\"2115\" data-end=\"2166\"><p data-start=\"2117\" data-end=\"2166\">Beendigung oder Widerspruch gegen die Datenverarbeitung<\/p><\/li><li data-start=\"2167\" data-end=\"2197\"><p data-start=\"2169\" data-end=\"2197\">Einreichen einer Beschwerde oder eines Antrags<\/p><\/li><\/ul><p data-start=\"2199\" data-end=\"2309\">Um diese Rechte auszu\u00fcben, k\u00f6nnen Sie uns \u00fcber das Formular auf unserer Kontaktseite kontaktieren.<\/p>\t\t\t\t\t\t\t\t<\/div>\n\t\t\t\t<div class=\"elementor-element elementor-element-3325fe1 elementor-widget elementor-widget-wd_button\" data-id=\"3325fe1\" data-element_type=\"widget\" data-widget_type=\"wd_button.default\">\n\t\t\t\t<div class=\"elementor-widget-container\">\n\t\t\t\t\t\t\t<div class=\"wd-button-wrapper text-left\" >\n\t\t\t<a class=\"btn btn-style-default btn-shape-round btn-size-default btn-icon-pos-right\"  href=\"https:\/\/internship2.gigabyteltd.com\/de\/kommunikation\/\" style=\"--btn-color:#fff;\">\n\t\t\t\t<span class=\"wd-btn-text\" data-elementor-setting-key=\"text\">\n\t\t\t\t\tUNSERE KONTAKTSEITE\t\t\t\t<\/span>\n\n\t\t\t\t\t\t\t<\/a>\n\t\t<\/div>\n\t\t\t\t\t\t<\/div>\n\t\t\t\t<\/div>\n\t\t\t\t\t<\/div>\n\t\t\t\t<\/div>\n\t\t\t\t<\/div>\n\t\t","protected":false},"excerpt":{"rendered":"<p>Datenschutzrichtlinie Ihre pers\u00f6nlichen Daten sind bei uns sicher Schutz personenbezogener Daten Bei ALBABAM Giyim legen wir gro\u00dfen Wert auf die<\/p>\n","protected":false},"author":1,"featured_media":0,"parent":0,"menu_order":0,"comment_status":"closed","ping_status":"open","template":"elementor_header_footer","meta":{"footnotes":""},"class_list":["post-1112","page","type-page","status-publish","hentry"],"_links":{"self":[{"href":"https:\/\/internship2.gigabyteltd.com\/de\/wp-json\/wp\/v2\/pages\/1112","targetHints":{"allow":["GET"]}}],"collection":[{"href":"https:\/\/internship2.gigabyteltd.com\/de\/wp-json\/wp\/v2\/pages"}],"about":[{"href":"https:\/\/internship2.gigabyteltd.com\/de\/wp-json\/wp\/v2\/types\/page"}],"author":[{"embeddable":true,"href":"https:\/\/internship2.gigabyteltd.com\/de\/wp-json\/wp\/v2\/users\/1"}],"replies":[{"embeddable":true,"href":"https:\/\/internship2.gigabyteltd.com\/de\/wp-json\/wp\/v2\/comments?post=1112"}],"version-history":[{"count":17,"href":"https:\/\/internship2.gigabyteltd.com\/de\/wp-json\/wp\/v2\/pages\/1112\/revisions"}],"predecessor-version":[{"id":2870,"href":"https:\/\/internship2.gigabyteltd.com\/de\/wp-json\/wp\/v2\/pages\/1112\/revisions\/2870"}],"wp:attachment":[{"href":"https:\/\/internship2.gigabyteltd.com\/de\/wp-json\/wp\/v2\/media?parent=1112"}],"curies":[{"name":"wp","href":"https:\/\/api.w.org\/{rel}","templated":true}]}}